{"id":15,"date":"2012-06-07T15:55:05","date_gmt":"2012-06-07T20:55:05","guid":{"rendered":"http:\/\/www.adrigomes.com\/trocaliteraria\/?page_id=15"},"modified":"2013-12-31T19:10:24","modified_gmt":"2014-01-01T00:10:24","slug":"sobre","status":"publish","type":"page","link":"https:\/\/www.adrigomes.com\/trocaliteraria\/sobre\/","title":{"rendered":"Sobre"},"content":{"rendered":"<p style=\"text-align: right;\">Para retornar a p\u00e1gina inicial clique em Troca Liter\u00e1ria.<\/p>\n<p>&nbsp;<\/p>\n<p><strong>Sobre o blog Troca Liter\u00e1ria<\/strong><\/p>\n<p>A id\u00e9ia \u00e9 simples, ler e falar sobre livros, sobre o processo criativo, e as op\u00e7\u00f5es que os escritores tem hoje para exercitar e divulgar seu trabalho. Entre outros assuntos que pintarem.<\/p>\n<p><strong>Sobre mim<\/strong><\/p>\n<p><a href=\"http:\/\/www.adrigomes.com\/trocaliteraria\/wp-content\/uploads\/2012\/06\/1-2011-12_76.jpg\"><img loading=\"lazy\" decoding=\"async\" class=\"alignleft size-medium wp-image-23\" title=\"Adriana Gomes\" alt=\"\" src=\"http:\/\/www.adrigomes.com\/trocaliteraria\/wp-content\/uploads\/2012\/06\/1-2011-12_76-288x300.jpg\" width=\"288\" height=\"300\" srcset=\"https:\/\/www.adrigomes.com\/trocaliteraria\/wp-content\/uploads\/2012\/06\/1-2011-12_76-288x300.jpg 288w, https:\/\/www.adrigomes.com\/trocaliteraria\/wp-content\/uploads\/2012\/06\/1-2011-12_76.jpg 769w\" sizes=\"(max-width: 288px) 100vw, 288px\" \/><\/a>Sou brasileira, casada, e m\u00e3e de duas meninas lindas que s\u00e3o minha maior fonte de inspira\u00e7\u00e3o. Tenho uma cachorrinha chamada Pipoca de ra\u00e7a mista, mas com carinha de Shih-Tzu, ent\u00e3o eu digo que ela \u00e9 Shih-Tzu mesmo. Pronto, este segredo vazou. Eu escrevo todo tempo que consigo encaixar na correria do dia-a-dia, e como toda m\u00e3e que trabalha, eu tento n\u00e3o deixar a peteca cair.<\/p>\n<p>Mudei para os EUA em 1997, quando meu marido foi transferido para a Fl\u00f3rida. Deixei meu trabalho e embarquei numa aventura que segue desafiante at\u00e9 hoje. Ap\u00f3s aquela primeira mudan\u00e7a vieram v\u00e1rias outras. Nos \u00faltimos quatorze anos tive seis endere\u00e7os diferentes, incluindo um em Xangai, na China.<\/p>\n<p>Minhas filhas nasceram na Fl\u00f3rida, durante os primeiros seis anos que passamos em solo americano. Ap\u00f3s esse per\u00edodo inicial tranquilo, foi um tal de empacotar, desempacotar, procurar escolas para as meninas, e organizar festas de despedidas, que foi uma loucura. Ali\u00e1s sou craque em despedidas, n\u00e3o que este seja um talento prazeroso de se adquirir. Acabo de chegar na Calif\u00f3rnia e ainda estou abrindo caixas de mudan\u00e7a.<\/p>\n<p>Escrever \u00e9 o hobby que eu trato como profiss\u00e3o. Eu comecei quando era adolescente e parei por muitos anos. Sabe como \u00e9, maternidade, mudan\u00e7as, um cancerzinho de ov\u00e1rio, essas coisas do dia-a-dia que se intrometem nos nossos planos pessoais. Eu n\u00e3o explorei a escrita profissionalmente quando era mais menina porque estava tentando ser boa filha. Meus pais lutaram para me oferecer uma boa educa\u00e7\u00e3o, e n\u00e3o queriam nem ouvir falar em artista pobre dentro de casa. Para eles profissionais s\u00e9rios eram advogados, m\u00e9dicos ou engenheiros. Ent\u00e3o eu estudei engenharia eletr\u00f4nica na FEI, e trabalhei em telecomunica\u00e7\u00f5es por algum tempo, at\u00e9 minha vida tomar rumos inesperados. Eu voltei a escrever ap\u00f3s um susto daqueles com a minha sa\u00fade. Nada como ver nossa vida inteira passar num flash, para nos dar uma certa urg\u00eancia em fazer o que gostamos de verdade.<\/p>\n<p>Esta experi\u00eancia de escrever em Blog eu comecei h\u00e1 pouco tempo com o <a href=\"http:\/\/www.hallohellonet.com\">Hallo Hello<\/a>, e agora estou expandindo para falar sobre literatura, que \u00e9 minha paix\u00e3o. Desde livros infantis ilustrados a fic\u00e7\u00f5es fantasiosas para adultos, passando por livros para jovens, romances, e livros de n\u00e3o fic\u00e7\u00e3o intrigantes como <a href=\"http:\/\/www.amazon.com\/gp\/product\/B006RBI25Q\/ref=as_li_qf_sp_asin_tl?ie=UTF8&amp;tag=halhelvivnoex-20&amp;linkCode=as2&amp;camp=1789&amp;creative=9325&amp;creativeASIN=B006RBI25Q\">Fora de Serie &#8211; Outliers (Em Portugues do Brasil)<\/a><img loading=\"lazy\" decoding=\"async\" style=\"border: none !important; margin: 0px !important;\" alt=\"\" src=\"http:\/\/www.assoc-amazon.com\/e\/ir?t=halhelvivnoex-20&amp;l=as2&amp;o=1&amp;a=B006RBI25Q\" width=\"1\" height=\"1\" border=\"0\" \/>, meu gosto \u00e9 ecl\u00e9tico.<\/p>\n<p>N\u00e3o sei onde minhas palavras me levar\u00e3o, mas sei que estarei curtindo cada momento.<\/p>\n<p>&nbsp;<\/p>\n<p style=\"text-align: right;\">Para retornar a p\u00e1gina inicial clique em Troca Liter\u00e1ria.<\/p>\n<p>&nbsp;<\/p>\n<p>&nbsp;<\/p>\n","protected":false},"excerpt":{"rendered":"<p>Para retornar a p\u00e1gina inicial clique em Troca Liter\u00e1ria. &nbsp; Sobre o blog Troca Liter\u00e1ria A id\u00e9ia \u00e9 simples, ler e falar sobre livros, sobre o processo criativo, e as op\u00e7\u00f5es que os escritores tem hoje para exercitar e divulgar seu trabalho. Entre outros assuntos que pintarem. Sobre mim Sou brasileira, casada, e m\u00e3e de [&hellip;]<\/p>\n","protected":false},"author":1,"featured_media":0,"parent":0,"menu_order":1,"comment_status":"open","ping_status":"open","template":"","meta":{"footnotes":""},"class_list":["post-15","page","type-page","status-publish","hentry"],"_links":{"self":[{"href":"https:\/\/www.adrigomes.com\/trocaliteraria\/wp-json\/wp\/v2\/pages\/15"}],"collection":[{"href":"https:\/\/www.adrigomes.com\/trocaliteraria\/wp-json\/wp\/v2\/pages"}],"about":[{"href":"https:\/\/www.adrigomes.com\/trocaliteraria\/wp-json\/wp\/v2\/types\/page"}],"author":[{"embeddable":true,"href":"https:\/\/www.adrigomes.com\/trocaliteraria\/wp-json\/wp\/v2\/users\/1"}],"replies":[{"embeddable":true,"href":"https:\/\/www.adrigomes.com\/trocaliteraria\/wp-json\/wp\/v2\/comments?post=15"}],"version-history":[{"count":10,"href":"https:\/\/www.adrigomes.com\/trocaliteraria\/wp-json\/wp\/v2\/pages\/15\/revisions"}],"predecessor-version":[{"id":208,"href":"https:\/\/www.adrigomes.com\/trocaliteraria\/wp-json\/wp\/v2\/pages\/15\/revisions\/208"}],"wp:attachment":[{"href":"https:\/\/www.adrigomes.com\/trocaliteraria\/wp-json\/wp\/v2\/media?parent=15"}],"curies":[{"name":"wp","href":"https:\/\/api.w.org\/{rel}","templated":true}]}}